{"id":2,"date":"2026-02-19T15:43:21","date_gmt":"2026-02-19T14:43:21","guid":{"rendered":"https:\/\/framesfactory.stf.katowice.pl\/?page_id=2"},"modified":"2026-02-19T20:01:10","modified_gmt":"2026-02-19T19:01:10","slug":"przykladowa-strona","status":"publish","type":"page","link":"https:\/\/framesfactory.stf.katowice.pl\/","title":{"rendered":"Frames Factory"},"content":{"rendered":"\n<div style=\"height:20px\" aria-hidden=\"true\" class=\"wp-block-spacer\"><\/div>\n\n\n\n<p style=\"font-size:25px\">Dzisiaj projekt Magazynu Fotograficznego &#8211; FramesFactory jest w zasadzie od lat &#8220;zamro\u017cony&#8221;. Wydali\u015bmy 9 numer\u00f3w naszego magazynu i zawiesili\u015bmy jego wydawanie. Czy tak ju\u017c zostanie? Kto to wie? Niniejsza strona jest zatem &#8211; p\u00f3ki co &#8211; swoistym archiwum tego, co uda\u0142o nam si\u0119 zrobi\u0107. Ale mo\u017ce jeszcze nie powiedzieli\u015bmy ostatniego s\u0142owa?<\/p>\n\n\n\n<blockquote class=\"wp-block-quote is-layout-flow wp-block-quote-is-layout-flow\">\n<blockquote class=\"wp-block-quote is-layout-flow wp-block-quote-is-layout-flow\">\n<blockquote class=\"wp-block-quote is-layout-flow wp-block-quote-is-layout-flow\">\n<p><\/p>\n<\/blockquote>\n<\/blockquote>\n<\/blockquote>\n\n\n\n<div style=\"height:80px\" aria-hidden=\"true\" class=\"wp-block-spacer\"><\/div>\n\n\n\n<hr class=\"wp-block-separator has-alpha-channel-opacity is-style-dots\"\/>\n\n\n\n<p class=\"has-text-align-right has-medium-font-size\"><em>Fotografi\u0119 traktujemy jako podr\u00f3\u017c w przestrze\u0144 \u015bwiata i ludzi. Obecny w niej czas pozwala odkrywa\u0107 na nowo konteksty zdarze\u0144 i my\u015bli. Fotografia to tak\u017ce wyprawa w g\u0142\u0105b siebie, korespondencja z niespe\u0142nieniem i wiara w obraz kt\u00f3ry wyzwoli, zaspokoi, si\u0119gnie idea\u0142u.<\/em><\/p>\n\n\n\n<p class=\"has-text-align-right has-small-font-size\">J\u00f3zef Wolny<\/p>\n\n\n\n<hr class=\"wp-block-separator has-alpha-channel-opacity is-style-dots\"\/>\n\n\n\n<div style=\"height:100px\" aria-hidden=\"true\" class=\"wp-block-spacer\"><\/div>\n\n\n\n<p class=\"has-medium-font-size\">Magazyn fotograficzny FramesFactory to miejsce dla ka\u017cdego, kto zainteresuje nas swoj\u0105 fotografi\u0105. To magazyn dla pasjonat\u00f3w fotografii \u2013 zar\u00f3wno tych, kt\u00f3rzy fotografi\u0105 zajmuj\u0105 si\u0119 profesjonalnie jak i tych, kt\u00f3rzy po prostu bez aparatu fotograficznego nie potrafi\u0105 \u017cy\u0107. Pomys\u0142 takiej formy prezentowania zdj\u0119\u0107 zrodzi\u0142 si\u0119 w g\u0142owach czw\u00f3rki przyjaci\u00f3\u0142 z \u015al\u0105skiego Towarzystwa Fotograficznego &#8211; Przemys\u0142awa Ledwocha, J\u00f3zefa Wolnego, Janusza R\u00f3\u017ca\u0144skiego i Arkadiusza Ba\u0142a. Ale nie po to aby pokazywa\u0107 wy\u0142\u0105cznie swoje prace. Wr\u0119cz przeciwnie \u2013 uznali\u015bmy, \u017ce na \u0142amach FF b\u0119dziemy pokazywali po prostu ciekawe fotografie ciekawych ludzi.<\/p>\n\n\n\n<p class=\"has-medium-font-size\">Dlatego znajdzie Pa\u0144stwo na stronach naszego Magazynu prace cz\u0142onk\u00f3w ZPAF, \u015aTF, Krakowskiej Grupy Fotograficznej FOTOBZIK, grupy ZASPA i wielu innych grup i towarzystw fotograficznych ale r\u00f3wnie\u017c fotografie znanych i uznanych tw\u00f3rc\u00f3w: nestora \u015bl\u0105skiej fotografii \u2013 naszego przyjaciela Andrzeja Koniakowskiego, wybitnego portrecisty Gregora Laubsch\u2019a, przedstawicieli Okr\u0119gu \u015al\u0105skiego Zwi\u0105zku Polskich Artyst\u00f3w Fotografik\u00f3w \u2013 J\u00f3zefa Wolnego, Arkadiusza \u0141awrywa\u0144sa, Krzysztofa Millera, Arkadiusza Goli i wielu, wielu innych\u2026<\/p>\n\n\n\n<p class=\"has-text-align-center has-medium-font-size\" style=\"font-style:normal;font-weight:700\">Je\u017celi fotografia jest dla Ciebie czym\u015b wa\u017cnym, je\u017celi nie wyobra\u017casz sobie bez niej \u017cycia \u2013 napisz do nas i prze\u015blij swoje prace. Je\u015bli nas zainteresuj\u0105 \u2013 ch\u0119tnie je poka\u017cemy!<\/p>\n\n\n\n<div style=\"height:100px\" aria-hidden=\"true\" class=\"wp-block-spacer\"><\/div>\n\n\n<div class=\"wp-block-image\">\n<figure class=\"aligncenter size-full is-resized\"><a href=\"https:\/\/framesfactory.stf.katowice.pl\/\"><img loading=\"lazy\" decoding=\"async\" width=\"1000\" height=\"667\" src=\"https:\/\/framesfactory.stf.katowice.pl\/wp-content\/uploads\/2026\/02\/Logo_m.png\" alt=\"\" class=\"wp-image-139\" style=\"width:200px\" srcset=\"https:\/\/framesfactory.stf.katowice.pl\/wp-content\/uploads\/2026\/02\/Logo_m.png 1000w, https:\/\/framesfactory.stf.katowice.pl\/wp-content\/uploads\/2026\/02\/Logo_m-300x200.png 300w, https:\/\/framesfactory.stf.katowice.pl\/wp-content\/uploads\/2026\/02\/Logo_m-768x512.png 768w\" sizes=\"auto, (max-width: 1000px) 100vw, 1000px\" \/><\/a><\/figure>\n<\/div>\n\n\n<div style=\"height:50px\" aria-hidden=\"true\" class=\"wp-block-spacer\"><\/div>\n\n\n\n<hr class=\"wp-block-separator has-alpha-channel-opacity\"\/>\n\n\n<div class=\"wp-block-image\">\n<figure class=\"aligncenter size-large\"><img loading=\"lazy\" decoding=\"async\" width=\"1024\" height=\"94\" src=\"https:\/\/framesfactory.stf.katowice.pl\/wp-content\/uploads\/2026\/02\/Loga-1024x94.jpg\" alt=\"\" class=\"wp-image-144\" srcset=\"https:\/\/framesfactory.stf.katowice.pl\/wp-content\/uploads\/2026\/02\/Loga-1024x94.jpg 1024w, https:\/\/framesfactory.stf.katowice.pl\/wp-content\/uploads\/2026\/02\/Loga-300x28.jpg 300w, https:\/\/framesfactory.stf.katowice.pl\/wp-content\/uploads\/2026\/02\/Loga-768x71.jpg 768w, https:\/\/framesfactory.stf.katowice.pl\/wp-content\/uploads\/2026\/02\/Loga.jpg 1500w\" sizes=\"auto, (max-width: 1024px) 100vw, 1024px\" \/><\/figure>\n<\/div>","protected":false},"excerpt":{"rendered":"<p>Dzisiaj projekt Magazynu Fotograficznego &#8211; FramesFactory jest w zasadzie od lat &#8220;zamro\u017cony&#8221;. Wydali\u015bmy 9 numer\u00f3w naszego magazynu i zawiesili\u015bmy jego wydawanie. Czy tak ju\u017c zostanie? Kto to wie? Niniejsza strona jest zatem &#8211; p\u00f3ki co &#8211; swoistym archiwum tego, co uda\u0142o nam si\u0119 zrobi\u0107. Ale mo\u017ce jeszcze nie powiedzieli\u015bmy ostatniego s\u0142owa? Fotografi\u0119 traktujemy jako podr\u00f3\u017c<a class=\"sup-readmore\" href=\"https:\/\/framesfactory.stf.katowice.pl\/\">Read More<\/a><\/p>\n","protected":false},"author":1,"featured_media":0,"parent":0,"menu_order":0,"comment_status":"closed","ping_status":"open","template":"","meta":{"footnotes":""},"class_list":["post-2","page","type-page","status-publish","hentry"],"_links":{"self":[{"href":"https:\/\/framesfactory.stf.katowice.pl\/index.php?rest_route=\/wp\/v2\/pages\/2","targetHints":{"allow":["GET"]}}],"collection":[{"href":"https:\/\/framesfactory.stf.katowice.pl\/index.php?rest_route=\/wp\/v2\/pages"}],"about":[{"href":"https:\/\/framesfactory.stf.katowice.pl\/index.php?rest_route=\/wp\/v2\/types\/page"}],"author":[{"embeddable":true,"href":"https:\/\/framesfactory.stf.katowice.pl\/index.php?rest_route=\/wp\/v2\/users\/1"}],"replies":[{"embeddable":true,"href":"https:\/\/framesfactory.stf.katowice.pl\/index.php?rest_route=%2Fwp%2Fv2%2Fcomments&post=2"}],"version-history":[{"count":34,"href":"https:\/\/framesfactory.stf.katowice.pl\/index.php?rest_route=\/wp\/v2\/pages\/2\/revisions"}],"predecessor-version":[{"id":172,"href":"https:\/\/framesfactory.stf.katowice.pl\/index.php?rest_route=\/wp\/v2\/pages\/2\/revisions\/172"}],"wp:attachment":[{"href":"https:\/\/framesfactory.stf.katowice.pl\/index.php?rest_route=%2Fwp%2Fv2%2Fmedia&parent=2"}],"curies":[{"name":"wp","href":"https:\/\/api.w.org\/{rel}","templated":true}]}}