{"id":60,"date":"2026-02-19T16:20:42","date_gmt":"2026-02-19T15:20:42","guid":{"rendered":"https:\/\/framesfactory.stf.katowice.pl\/?page_id=60"},"modified":"2026-02-20T13:29:20","modified_gmt":"2026-02-20T12:29:20","slug":"archiwalne-numery","status":"publish","type":"page","link":"https:\/\/framesfactory.stf.katowice.pl\/?page_id=60","title":{"rendered":"Archiwalne Numery"},"content":{"rendered":"\n<div style=\"height:100px\" aria-hidden=\"true\" class=\"wp-block-spacer\"><\/div>\n\n\n\n<p class=\"has-text-align-center has-large-font-size\">Tutaj mo\u017cesz pobra\u0107 ka\u017cdy archiwalny numer naszego magazynu. <\/p>\n\n\n\n<div style=\"height:100px\" aria-hidden=\"true\" class=\"wp-block-spacer\"><\/div>\n\n\n\n<figure class=\"wp-block-gallery has-nested-images columns-default is-cropped wp-block-gallery-1 is-layout-flex wp-block-gallery-is-layout-flex\">\n<figure class=\"wp-block-image size-large\"><a href=\"http:\/\/www.framesfactory.stf.katowice.pl\/Archiwa\/FF1.pdf\" target=\"_blank\" rel=\" noreferrer noopener\"><img loading=\"lazy\" decoding=\"async\" width=\"1000\" height=\"706\" data-id=\"176\" src=\"https:\/\/framesfactory.stf.katowice.pl\/wp-content\/uploads\/2026\/02\/FF_1_m.jpg\" alt=\"\" class=\"wp-image-176\" srcset=\"https:\/\/framesfactory.stf.katowice.pl\/wp-content\/uploads\/2026\/02\/FF_1_m.jpg 1000w, https:\/\/framesfactory.stf.katowice.pl\/wp-content\/uploads\/2026\/02\/FF_1_m-300x212.jpg 300w, https:\/\/framesfactory.stf.katowice.pl\/wp-content\/uploads\/2026\/02\/FF_1_m-768x542.jpg 768w\" sizes=\"auto, (max-width: 1000px) 100vw, 1000px\" \/><\/a><\/figure>\n\n\n\n<figure class=\"wp-block-image size-large\"><a href=\"http:\/\/www.framesfactory.stf.katowice.pl\/Archiwa\/FF2.pdf\" target=\"_blank\" rel=\" noreferrer noopener\"><img loading=\"lazy\" decoding=\"async\" width=\"1000\" height=\"706\" data-id=\"183\" src=\"https:\/\/framesfactory.stf.katowice.pl\/wp-content\/uploads\/2026\/02\/FF_2_m.jpg\" alt=\"\" class=\"wp-image-183\" srcset=\"https:\/\/framesfactory.stf.katowice.pl\/wp-content\/uploads\/2026\/02\/FF_2_m.jpg 1000w, https:\/\/framesfactory.stf.katowice.pl\/wp-content\/uploads\/2026\/02\/FF_2_m-300x212.jpg 300w, https:\/\/framesfactory.stf.katowice.pl\/wp-content\/uploads\/2026\/02\/FF_2_m-768x542.jpg 768w\" sizes=\"auto, (max-width: 1000px) 100vw, 1000px\" \/><\/a><\/figure>\n\n\n\n<figure class=\"wp-block-image size-large\"><a href=\"http:\/\/www.framesfactory.stf.katowice.pl\/Archiwa\/FF3.pdf\" target=\"_blank\" rel=\" noreferrer noopener\"><img loading=\"lazy\" decoding=\"async\" width=\"1000\" height=\"706\" data-id=\"177\" src=\"https:\/\/framesfactory.stf.katowice.pl\/wp-content\/uploads\/2026\/02\/FF_3_m.jpg\" alt=\"\" class=\"wp-image-177\" srcset=\"https:\/\/framesfactory.stf.katowice.pl\/wp-content\/uploads\/2026\/02\/FF_3_m.jpg 1000w, https:\/\/framesfactory.stf.katowice.pl\/wp-content\/uploads\/2026\/02\/FF_3_m-300x212.jpg 300w, https:\/\/framesfactory.stf.katowice.pl\/wp-content\/uploads\/2026\/02\/FF_3_m-768x542.jpg 768w\" sizes=\"auto, (max-width: 1000px) 100vw, 1000px\" \/><\/a><\/figure>\n\n\n\n<figure class=\"wp-block-image size-large\"><a href=\"http:\/\/www.framesfactory.stf.katowice.pl\/Archiwa\/FF4.pdf\" target=\"_blank\" rel=\" noreferrer noopener\"><img loading=\"lazy\" decoding=\"async\" width=\"1000\" height=\"706\" data-id=\"175\" src=\"https:\/\/framesfactory.stf.katowice.pl\/wp-content\/uploads\/2026\/02\/FF_4_m.jpg\" alt=\"\" class=\"wp-image-175\" srcset=\"https:\/\/framesfactory.stf.katowice.pl\/wp-content\/uploads\/2026\/02\/FF_4_m.jpg 1000w, https:\/\/framesfactory.stf.katowice.pl\/wp-content\/uploads\/2026\/02\/FF_4_m-300x212.jpg 300w, https:\/\/framesfactory.stf.katowice.pl\/wp-content\/uploads\/2026\/02\/FF_4_m-768x542.jpg 768w\" sizes=\"auto, (max-width: 1000px) 100vw, 1000px\" \/><\/a><\/figure>\n\n\n\n<figure class=\"wp-block-image size-large\"><a href=\"http:\/\/www.framesfactory.stf.katowice.pl\/Archiwa\/FF5.pdf\" target=\"_blank\" rel=\" noreferrer noopener\"><img loading=\"lazy\" decoding=\"async\" width=\"1000\" height=\"706\" data-id=\"182\" src=\"https:\/\/framesfactory.stf.katowice.pl\/wp-content\/uploads\/2026\/02\/FF_5_m.jpg\" alt=\"\" class=\"wp-image-182\" srcset=\"https:\/\/framesfactory.stf.katowice.pl\/wp-content\/uploads\/2026\/02\/FF_5_m.jpg 1000w, https:\/\/framesfactory.stf.katowice.pl\/wp-content\/uploads\/2026\/02\/FF_5_m-300x212.jpg 300w, https:\/\/framesfactory.stf.katowice.pl\/wp-content\/uploads\/2026\/02\/FF_5_m-768x542.jpg 768w\" sizes=\"auto, (max-width: 1000px) 100vw, 1000px\" \/><\/a><\/figure>\n\n\n\n<figure class=\"wp-block-image size-large\"><a href=\"http:\/\/www.framesfactory.stf.katowice.pl\/Archiwa\/FF6.pdf\" target=\"_blank\" rel=\" noreferrer noopener\"><img loading=\"lazy\" decoding=\"async\" width=\"1000\" height=\"706\" data-id=\"181\" src=\"https:\/\/framesfactory.stf.katowice.pl\/wp-content\/uploads\/2026\/02\/FF_6_m.jpg\" alt=\"\" class=\"wp-image-181\" srcset=\"https:\/\/framesfactory.stf.katowice.pl\/wp-content\/uploads\/2026\/02\/FF_6_m.jpg 1000w, https:\/\/framesfactory.stf.katowice.pl\/wp-content\/uploads\/2026\/02\/FF_6_m-300x212.jpg 300w, https:\/\/framesfactory.stf.katowice.pl\/wp-content\/uploads\/2026\/02\/FF_6_m-768x542.jpg 768w\" sizes=\"auto, (max-width: 1000px) 100vw, 1000px\" \/><\/a><\/figure>\n\n\n\n<figure class=\"wp-block-image size-large\"><a href=\"http:\/\/www.framesfactory.stf.katowice.pl\/Archiwa\/FF7.pdf\" target=\"_blank\" rel=\" noreferrer noopener\"><img loading=\"lazy\" decoding=\"async\" width=\"1000\" height=\"706\" data-id=\"179\" src=\"https:\/\/framesfactory.stf.katowice.pl\/wp-content\/uploads\/2026\/02\/FF_7_m.jpg\" alt=\"\" class=\"wp-image-179\" srcset=\"https:\/\/framesfactory.stf.katowice.pl\/wp-content\/uploads\/2026\/02\/FF_7_m.jpg 1000w, https:\/\/framesfactory.stf.katowice.pl\/wp-content\/uploads\/2026\/02\/FF_7_m-300x212.jpg 300w, https:\/\/framesfactory.stf.katowice.pl\/wp-content\/uploads\/2026\/02\/FF_7_m-768x542.jpg 768w\" sizes=\"auto, (max-width: 1000px) 100vw, 1000px\" \/><\/a><\/figure>\n\n\n\n<figure class=\"wp-block-image size-large\"><a href=\"http:\/\/www.framesfactory.stf.katowice.pl\/Archiwa\/FF8.pdf\" target=\"_blank\" rel=\" noreferrer noopener\"><img loading=\"lazy\" decoding=\"async\" width=\"1000\" height=\"706\" data-id=\"178\" src=\"https:\/\/framesfactory.stf.katowice.pl\/wp-content\/uploads\/2026\/02\/FF_8_m.jpg\" alt=\"\" class=\"wp-image-178\" srcset=\"https:\/\/framesfactory.stf.katowice.pl\/wp-content\/uploads\/2026\/02\/FF_8_m.jpg 1000w, https:\/\/framesfactory.stf.katowice.pl\/wp-content\/uploads\/2026\/02\/FF_8_m-300x212.jpg 300w, https:\/\/framesfactory.stf.katowice.pl\/wp-content\/uploads\/2026\/02\/FF_8_m-768x542.jpg 768w\" sizes=\"auto, (max-width: 1000px) 100vw, 1000px\" \/><\/a><\/figure>\n\n\n\n<figure class=\"wp-block-image size-large\"><a href=\"http:\/\/www.framesfactory.stf.katowice.pl\/Archiwa\/FF9.pdf\" target=\"_blank\" rel=\" noreferrer noopener\"><img loading=\"lazy\" decoding=\"async\" width=\"1000\" height=\"706\" data-id=\"180\" src=\"https:\/\/framesfactory.stf.katowice.pl\/wp-content\/uploads\/2026\/02\/FF_9_m.jpg\" alt=\"\" class=\"wp-image-180\" srcset=\"https:\/\/framesfactory.stf.katowice.pl\/wp-content\/uploads\/2026\/02\/FF_9_m.jpg 1000w, https:\/\/framesfactory.stf.katowice.pl\/wp-content\/uploads\/2026\/02\/FF_9_m-300x212.jpg 300w, https:\/\/framesfactory.stf.katowice.pl\/wp-content\/uploads\/2026\/02\/FF_9_m-768x542.jpg 768w\" sizes=\"auto, (max-width: 1000px) 100vw, 1000px\" \/><\/a><\/figure>\n<\/figure>\n\n\n\n<div style=\"height:100px\" aria-hidden=\"true\" class=\"wp-block-spacer\"><\/div>\n\n\n<div class=\"wp-block-image\">\n<figure class=\"aligncenter size-full is-resized\"><a href=\"https:\/\/framesfactory.stf.katowice.pl\/\"><img loading=\"lazy\" decoding=\"async\" width=\"1000\" height=\"667\" src=\"https:\/\/framesfactory.stf.katowice.pl\/wp-content\/uploads\/2026\/02\/Logo_m.png\" alt=\"\" class=\"wp-image-139\" style=\"width:200px\" srcset=\"https:\/\/framesfactory.stf.katowice.pl\/wp-content\/uploads\/2026\/02\/Logo_m.png 1000w, https:\/\/framesfactory.stf.katowice.pl\/wp-content\/uploads\/2026\/02\/Logo_m-300x200.png 300w, https:\/\/framesfactory.stf.katowice.pl\/wp-content\/uploads\/2026\/02\/Logo_m-768x512.png 768w\" sizes=\"auto, (max-width: 1000px) 100vw, 1000px\" \/><\/a><\/figure>\n<\/div>\n\n\n<div style=\"height:50px\" aria-hidden=\"true\" class=\"wp-block-spacer\"><\/div>\n\n\n\n<hr class=\"wp-block-separator has-alpha-channel-opacity\"\/>\n\n\n<div class=\"wp-block-image\">\n<figure class=\"aligncenter size-large\"><img loading=\"lazy\" decoding=\"async\" width=\"1024\" height=\"94\" src=\"https:\/\/framesfactory.stf.katowice.pl\/wp-content\/uploads\/2026\/02\/Loga-1024x94.jpg\" alt=\"\" class=\"wp-image-144\" srcset=\"https:\/\/framesfactory.stf.katowice.pl\/wp-content\/uploads\/2026\/02\/Loga-1024x94.jpg 1024w, https:\/\/framesfactory.stf.katowice.pl\/wp-content\/uploads\/2026\/02\/Loga-300x28.jpg 300w, https:\/\/framesfactory.stf.katowice.pl\/wp-content\/uploads\/2026\/02\/Loga-768x71.jpg 768w, https:\/\/framesfactory.stf.katowice.pl\/wp-content\/uploads\/2026\/02\/Loga.jpg 1500w\" sizes=\"auto, (max-width: 1024px) 100vw, 1024px\" \/><\/figure>\n<\/div>","protected":false},"excerpt":{"rendered":"<p>Tutaj mo\u017cesz pobra\u0107 ka\u017cdy archiwalny numer naszego magazynu.<\/p>\n","protected":false},"author":1,"featured_media":0,"parent":0,"menu_order":0,"comment_status":"closed","ping_status":"closed","template":"page-templates\/full-width.php","meta":{"footnotes":""},"class_list":["post-60","page","type-page","status-publish","hentry"],"_links":{"self":[{"href":"https:\/\/framesfactory.stf.katowice.pl\/index.php?rest_route=\/wp\/v2\/pages\/60","targetHints":{"allow":["GET"]}}],"collection":[{"href":"https:\/\/framesfactory.stf.katowice.pl\/index.php?rest_route=\/wp\/v2\/pages"}],"about":[{"href":"https:\/\/framesfactory.stf.katowice.pl\/index.php?rest_route=\/wp\/v2\/types\/page"}],"author":[{"embeddable":true,"href":"https:\/\/framesfactory.stf.katowice.pl\/index.php?rest_route=\/wp\/v2\/users\/1"}],"replies":[{"embeddable":true,"href":"https:\/\/framesfactory.stf.katowice.pl\/index.php?rest_route=%2Fwp%2Fv2%2Fcomments&post=60"}],"version-history":[{"count":14,"href":"https:\/\/framesfactory.stf.katowice.pl\/index.php?rest_route=\/wp\/v2\/pages\/60\/revisions"}],"predecessor-version":[{"id":198,"href":"https:\/\/framesfactory.stf.katowice.pl\/index.php?rest_route=\/wp\/v2\/pages\/60\/revisions\/198"}],"wp:attachment":[{"href":"https:\/\/framesfactory.stf.katowice.pl\/index.php?rest_route=%2Fwp%2Fv2%2Fmedia&parent=60"}],"curies":[{"name":"wp","href":"https:\/\/api.w.org\/{rel}","templated":true}]}}